{"id":5150,"date":"2024-08-07T08:14:47","date_gmt":"2024-08-07T08:14:47","guid":{"rendered":"https:\/\/new.cortecag.ch\/ueber-uns\/"},"modified":"2025-02-25T12:36:38","modified_gmt":"2025-02-25T12:36:38","slug":"ueber-uns","status":"publish","type":"page","link":"https:\/\/new.cortecag.ch\/fr\/ueber-uns\/","title":{"rendered":"\u00c0 propos de nous"},"content":{"rendered":"<div  class='flex_column av-3ukld-3b4c93ccceb0cac3e312d7cd14925b2b av_one_half  avia-builder-el-0  el_before_av_one_half  avia-builder-el-first  first flex_column_div  '     ><style type=\"text\/css\" data-created_by=\"avia_inline_auto\" id=\"style-css-av-m7ak429f-e778920cfeb955b90fa848018b1daf35\">\n.avia-image-container.av-m7ak429f-e778920cfeb955b90fa848018b1daf35 img.avia_image{\nbox-shadow:none;\n}\n.avia-image-container.av-m7ak429f-e778920cfeb955b90fa848018b1daf35 .av-image-caption-overlay-center{\ncolor:#ffffff;\n}\n<\/style>\n<div  class='avia-image-container av-m7ak429f-e778920cfeb955b90fa848018b1daf35 av-styling- avia-align-center  avia-builder-el-1  avia-builder-el-no-sibling '   itemprop=\"image\" itemscope=\"itemscope\" itemtype=\"https:\/\/schema.org\/ImageObject\" ><div class=\"avia-image-container-inner\"><div class=\"avia-image-overlay-wrap\"><img decoding=\"async\" fetchpriority=\"high\" class='wp-image-3895 avia-img-lazy-loading-not-3895 avia_image ' src=\"https:\/\/new.cortecag.ch\/wp-content\/uploads\/2024\/09\/Evolution_Human-1080x630.png\" alt='' title='Evolution_Human'  height=\"630\" width=\"1080\"  itemprop=\"thumbnailUrl\"  \/><\/div><\/div><\/div><\/div>\n<div  class='flex_column av-wzbzt-e33a4e96d63cce0e1889073df3775703 av_one_half  avia-builder-el-2  el_after_av_one_half  el_before_av_one_half  flex_column_div  '     ><p>\n<style type=\"text\/css\" data-created_by=\"avia_inline_auto\" id=\"style-css-av-m7ak4pzg-c69b0c38aa456ca57ad611bf612ebf9e\">\n#top .av-special-heading.av-m7ak4pzg-c69b0c38aa456ca57ad611bf612ebf9e{\npadding-bottom:10px;\n}\nbody .av-special-heading.av-m7ak4pzg-c69b0c38aa456ca57ad611bf612ebf9e .av-special-heading-tag .heading-char{\nfont-size:25px;\n}\n.av-special-heading.av-m7ak4pzg-c69b0c38aa456ca57ad611bf612ebf9e .av-subheading{\nfont-size:15px;\n}\n<\/style>\n<div  class='av-special-heading av-m7ak4pzg-c69b0c38aa456ca57ad611bf612ebf9e av-special-heading-h3  avia-builder-el-3  el_before_av_textblock  avia-builder-el-first '><h3 class='av-special-heading-tag '  itemprop=\"headline\"  >Histoire<\/h3><div class=\"special-heading-border\"><div class=\"special-heading-inner-border\"><\/div><\/div><\/div><br \/>\n<section  class='av_textblock_section av-m7ak5adr-502dbfad78a07315bed8fcbe10eb8a96 '   itemscope=\"itemscope\" itemtype=\"https:\/\/schema.org\/CreativeWork\" ><div class='avia_textblock'  itemprop=\"text\" ><p>Depuis 1997, Cortec, anciennement ValWeb, est actif dans le domaine de l&rsquo;Internet. En 1998, la soci\u00e9t\u00e9 ValWeb GmbH a \u00e9t\u00e9 cr\u00e9\u00e9e. Cette entreprise a \u00e9t\u00e9 transform\u00e9e en soci\u00e9t\u00e9 anonyme en ao\u00fbt 2000.  <\/p>\n<p>Durant cette p\u00e9riode, ValWeb SA \u00e9tait bas\u00e9e \u00e0 Sierre, o\u00f9 nous avons pu nous d\u00e9velopper avec succ\u00e8s. La proximit\u00e9 des clients, le positionnement g\u00e9ographique ainsi que les connexions Internet ont influenc\u00e9 notre strat\u00e9gie \u00e0 tel point que nous avons d\u00e9cid\u00e9 de transf\u00e9rer le si\u00e8ge de l&rsquo;entreprise dans le Haut-Valais, \u00e0 Susten, fin f\u00e9vrier 2010. <\/p>\n<p>Le 01.05.2015, ValWeb AG a \u00e9t\u00e9 rebaptis\u00e9e Cortec AG. Dans la foul\u00e9e, Office Bonus a \u00e9t\u00e9 rebaptis\u00e9 Cortec ERP.<\/p>\n<\/div><\/section><\/p><\/div>\n<div  class='flex_column av-2vxoh-1b4c29c9c3d5ddd54702c6ce748abf61 av_one_half  avia-builder-el-5  el_after_av_one_half  el_before_av_one_half  first flex_column_div  column-top-margin'     ><p>\n<style type=\"text\/css\" data-created_by=\"avia_inline_auto\" id=\"style-css-av-m7ak8o9h-f47e38d605da6a00b1119ef51abdf0a8\">\n#top .av-special-heading.av-m7ak8o9h-f47e38d605da6a00b1119ef51abdf0a8{\npadding-bottom:10px;\n}\nbody .av-special-heading.av-m7ak8o9h-f47e38d605da6a00b1119ef51abdf0a8 .av-special-heading-tag .heading-char{\nfont-size:25px;\n}\n.av-special-heading.av-m7ak8o9h-f47e38d605da6a00b1119ef51abdf0a8 .av-subheading{\nfont-size:15px;\n}\n<\/style>\n<div  class='av-special-heading av-m7ak8o9h-f47e38d605da6a00b1119ef51abdf0a8 av-special-heading-h3  avia-builder-el-6  el_before_av_textblock  avia-builder-el-first '><h3 class='av-special-heading-tag '  itemprop=\"headline\"  >Vision<\/h3><div class=\"special-heading-border\"><div class=\"special-heading-inner-border\"><\/div><\/div><\/div><br \/>\n<section  class='av_textblock_section av-m7ak9dp2-4833913dfb74ce21abe5b520766d3a50 '   itemscope=\"itemscope\" itemtype=\"https:\/\/schema.org\/CreativeWork\" ><div class='avia_textblock'  itemprop=\"text\" ><p>Cortec AG est synonyme de logiciel convivial et orient\u00e9 vers l&rsquo;avenir, qui permet \u00e0 ses clients de mettre en place des processus flexibles, efficaces et automatis\u00e9s.<br \/>\nL&rsquo;innovation et la num\u00e9risation constituent la base de l&rsquo;ERP Cortec et offrent ainsi un point de d\u00e9part id\u00e9al pour les nouvelles technologies.<br \/>\npour une adaptation constante aux derni\u00e8res possibilit\u00e9s technologiques et aux nouveaux mod\u00e8les d&rsquo;entreprise.<\/p>\n<\/div><\/section><\/p><\/div><div  class='flex_column av-nlrzl-4e2a4059641cdbd74c73f1992602763c av_one_half  avia-builder-el-8  el_after_av_one_half  el_before_av_one_half  flex_column_div  column-top-margin'     ><style type=\"text\/css\" data-created_by=\"avia_inline_auto\" id=\"style-css-av-m7akkq2o-fdc7481a83809d7eef872228acce878c\">\n.av_font_icon.av-m7akkq2o-fdc7481a83809d7eef872228acce878c .av-icon-char{\nfont-size:250px;\nline-height:250px;\n}\n<\/style>\n<span  class='av_font_icon av-m7akkq2o-fdc7481a83809d7eef872228acce878c avia_animate_when_visible av-icon-style- avia-icon-pos-center av-no-color'><span class='av-icon-char' aria-hidden='true' data-av_icon='\ue8dd' data-av_iconfont='entypo-fontello' ><\/span><\/span><\/div><div  class='flex_column av-b7bgh-cffdea38206c20b8e1a4597db425fa07 av_one_half  avia-builder-el-10  el_after_av_one_half  el_before_av_one_half  first flex_column_div  column-top-margin'     ><\/div><div  class='flex_column av-b9ui9-6d7811c77ea36324103fed87d5fb9ad7 av_one_half  avia-builder-el-11  el_after_av_one_half  avia-builder-el-last  flex_column_div  column-top-margin'     ><p>\n<style type=\"text\/css\" data-created_by=\"avia_inline_auto\" id=\"style-css-av-m7aklror-2cf8470a178e4d3c633285dcfda79a6f\">\n#top .av-special-heading.av-m7aklror-2cf8470a178e4d3c633285dcfda79a6f{\npadding-bottom:10px;\n}\nbody .av-special-heading.av-m7aklror-2cf8470a178e4d3c633285dcfda79a6f .av-special-heading-tag .heading-char{\nfont-size:25px;\n}\n.av-special-heading.av-m7aklror-2cf8470a178e4d3c633285dcfda79a6f .av-subheading{\nfont-size:15px;\n}\n<\/style>\n<div  class='av-special-heading av-m7aklror-2cf8470a178e4d3c633285dcfda79a6f av-special-heading-h3  avia-builder-el-12  el_before_av_textblock  avia-builder-el-first '><h3 class='av-special-heading-tag '  itemprop=\"headline\"  > Mission<\/h3><div class=\"special-heading-border\"><div class=\"special-heading-inner-border\"><\/div><\/div><\/div><br \/>\n<section  class='av_textblock_section av-m7akpr1c-13b099d1f933a3eac65cde7c46d0e896 '   itemscope=\"itemscope\" itemtype=\"https:\/\/schema.org\/CreativeWork\" ><div class='avia_textblock'  itemprop=\"text\" ><p>Gr\u00e2ce \u00e0 nos conseils comp\u00e9tents et \u00e0 notre analyse de l&rsquo;entreprise, nous structurons les processus des clients.<br \/>\nNous simplifions les processus quotidiens de nos clients en utilisant une automatisation maximale dans le sens d&rsquo;une assistance.<br \/>\nCortec ERP propose des solutions flexibles, adapt\u00e9es aux besoins individuels des clients et des branches.<br \/>\nNos technologies cloud ouvrent \u00e0 nos clients le potentiel de nouvelles opportunit\u00e9s de march\u00e9.<\/p>\n<p>Unser Fokus liegt auf Schweizer KMU\u2019s beidseitig der deutsch-franz\u00f6sischen Sprachgrenze.<br \/>\nWir lieben Kunden mit einem Bewusstsein f\u00fcr Ver\u00e4nderungen und dem Bed\u00fcrfnis nach Digitalisierung und Optimierung ihrer Unternehmung.<\/p>\n<p>Cortec ERP steht f\u00fcr Benutzerfreundlichkeit und eine einfache Softwarebedienung.<br \/>\nDie diversen Branchenmodule bilden eine ganzheitliche L\u00f6sung, die den Einsatz vieler einzelner Softwareprogramme \u00fcberfl\u00fcssig machen.<br \/>\nDies wiederum verhindert zahlreiche Medienbr\u00fcche und reduziert dar\u00fcber hinaus den Bedarf mehrfacher Dateneingaben.<br \/>\nUnsere Kunden erfahren in der Folge eine geringere Fehlerquote, die sich schlussendlich auf die Kundenzufriedenheit positiv auswirkt.<\/p>\n<\/div><\/section><\/p><\/div><\/p>\n","protected":false},"excerpt":{"rendered":"","protected":false},"author":1,"featured_media":0,"parent":0,"menu_order":0,"comment_status":"closed","ping_status":"closed","template":"","meta":{"inline_featured_image":false,"footnotes":""},"class_list":["post-5150","page","type-page","status-publish","hentry"],"yoast_head":"<!-- This site is optimized with the Yoast SEO plugin v24.8 - https:\/\/yoast.com\/wordpress\/plugins\/seo\/ -->\n<title>\u00c0 propos de nous - Cortec AG<\/title>\n<meta name=\"robots\" content=\"index, follow, max-snippet:-1, max-image-preview:large, max-video-preview:-1\" \/>\n<link rel=\"canonical\" href=\"https:\/\/new.cortecag.ch\/fr\/ueber-uns\/\" \/>\n<meta property=\"og:locale\" content=\"fr_FR\" \/>\n<meta property=\"og:type\" content=\"article\" \/>\n<meta property=\"og:title\" content=\"\u00c0 propos de nous - Cortec AG\" \/>\n<meta property=\"og:url\" content=\"https:\/\/new.cortecag.ch\/fr\/ueber-uns\/\" \/>\n<meta property=\"og:site_name\" content=\"Cortec AG\" \/>\n<meta property=\"article:publisher\" content=\"https:\/\/www.facebook.com\/cortec.erp.business.software\/\" \/>\n<meta property=\"article:modified_time\" content=\"2025-02-25T12:36:38+00:00\" \/>\n<meta name=\"twitter:card\" content=\"summary_large_image\" \/>\n<meta name=\"twitter:label1\" content=\"Dur\u00e9e de lecture estim\u00e9e\" \/>\n\t<meta name=\"twitter:data1\" content=\"2 minutes\" \/>\n<script type=\"application\/ld+json\" class=\"yoast-schema-graph\">{\"@context\":\"https:\/\/schema.org\",\"@graph\":[{\"@type\":\"WebPage\",\"@id\":\"https:\/\/new.cortecag.ch\/fr\/ueber-uns\/\",\"url\":\"https:\/\/new.cortecag.ch\/fr\/ueber-uns\/\",\"name\":\"\u00c0 propos de nous - Cortec AG\",\"isPartOf\":{\"@id\":\"https:\/\/new.cortecag.ch\/#website\"},\"datePublished\":\"2024-08-07T08:14:47+00:00\",\"dateModified\":\"2025-02-25T12:36:38+00:00\",\"breadcrumb\":{\"@id\":\"https:\/\/new.cortecag.ch\/fr\/ueber-uns\/#breadcrumb\"},\"inLanguage\":\"fr-FR\",\"potentialAction\":[{\"@type\":\"ReadAction\",\"target\":[\"https:\/\/new.cortecag.ch\/fr\/ueber-uns\/\"]}]},{\"@type\":\"BreadcrumbList\",\"@id\":\"https:\/\/new.cortecag.ch\/fr\/ueber-uns\/#breadcrumb\",\"itemListElement\":[{\"@type\":\"ListItem\",\"position\":1,\"name\":\"Startseite\",\"item\":\"https:\/\/new.cortecag.ch\/fr\/home2\/\"},{\"@type\":\"ListItem\",\"position\":2,\"name\":\"\u00c0 propos de nous\"}]},{\"@type\":\"WebSite\",\"@id\":\"https:\/\/new.cortecag.ch\/#website\",\"url\":\"https:\/\/new.cortecag.ch\/\",\"name\":\"CortecAG\",\"description\":\"Mastering Business Software\",\"potentialAction\":[{\"@type\":\"SearchAction\",\"target\":{\"@type\":\"EntryPoint\",\"urlTemplate\":\"https:\/\/new.cortecag.ch\/?s={search_term_string}\"},\"query-input\":{\"@type\":\"PropertyValueSpecification\",\"valueRequired\":true,\"valueName\":\"search_term_string\"}}],\"inLanguage\":\"fr-FR\"}]}<\/script>\n<!-- \/ Yoast SEO plugin. -->","yoast_head_json":{"title":"\u00c0 propos de nous - Cortec AG","robots":{"index":"index","follow":"follow","max-snippet":"max-snippet:-1","max-image-preview":"max-image-preview:large","max-video-preview":"max-video-preview:-1"},"canonical":"https:\/\/new.cortecag.ch\/fr\/ueber-uns\/","og_locale":"fr_FR","og_type":"article","og_title":"\u00c0 propos de nous - Cortec AG","og_url":"https:\/\/new.cortecag.ch\/fr\/ueber-uns\/","og_site_name":"Cortec AG","article_publisher":"https:\/\/www.facebook.com\/cortec.erp.business.software\/","article_modified_time":"2025-02-25T12:36:38+00:00","twitter_card":"summary_large_image","twitter_misc":{"Dur\u00e9e de lecture estim\u00e9e":"2 minutes"},"schema":{"@context":"https:\/\/schema.org","@graph":[{"@type":"WebPage","@id":"https:\/\/new.cortecag.ch\/fr\/ueber-uns\/","url":"https:\/\/new.cortecag.ch\/fr\/ueber-uns\/","name":"\u00c0 propos de nous - Cortec AG","isPartOf":{"@id":"https:\/\/new.cortecag.ch\/#website"},"datePublished":"2024-08-07T08:14:47+00:00","dateModified":"2025-02-25T12:36:38+00:00","breadcrumb":{"@id":"https:\/\/new.cortecag.ch\/fr\/ueber-uns\/#breadcrumb"},"inLanguage":"fr-FR","potentialAction":[{"@type":"ReadAction","target":["https:\/\/new.cortecag.ch\/fr\/ueber-uns\/"]}]},{"@type":"BreadcrumbList","@id":"https:\/\/new.cortecag.ch\/fr\/ueber-uns\/#breadcrumb","itemListElement":[{"@type":"ListItem","position":1,"name":"Startseite","item":"https:\/\/new.cortecag.ch\/fr\/home2\/"},{"@type":"ListItem","position":2,"name":"\u00c0 propos de nous"}]},{"@type":"WebSite","@id":"https:\/\/new.cortecag.ch\/#website","url":"https:\/\/new.cortecag.ch\/","name":"CortecAG","description":"Mastering Business Software","potentialAction":[{"@type":"SearchAction","target":{"@type":"EntryPoint","urlTemplate":"https:\/\/new.cortecag.ch\/?s={search_term_string}"},"query-input":{"@type":"PropertyValueSpecification","valueRequired":true,"valueName":"search_term_string"}}],"inLanguage":"fr-FR"}]}},"_links":{"self":[{"href":"https:\/\/new.cortecag.ch\/fr\/wp-json\/wp\/v2\/pages\/5150","targetHints":{"allow":["GET"]}}],"collection":[{"href":"https:\/\/new.cortecag.ch\/fr\/wp-json\/wp\/v2\/pages"}],"about":[{"href":"https:\/\/new.cortecag.ch\/fr\/wp-json\/wp\/v2\/types\/page"}],"author":[{"embeddable":true,"href":"https:\/\/new.cortecag.ch\/fr\/wp-json\/wp\/v2\/users\/1"}],"replies":[{"embeddable":true,"href":"https:\/\/new.cortecag.ch\/fr\/wp-json\/wp\/v2\/comments?post=5150"}],"version-history":[{"count":18,"href":"https:\/\/new.cortecag.ch\/fr\/wp-json\/wp\/v2\/pages\/5150\/revisions"}],"predecessor-version":[{"id":5370,"href":"https:\/\/new.cortecag.ch\/fr\/wp-json\/wp\/v2\/pages\/5150\/revisions\/5370"}],"wp:attachment":[{"href":"https:\/\/new.cortecag.ch\/fr\/wp-json\/wp\/v2\/media?parent=5150"}],"curies":[{"name":"wp","href":"https:\/\/api.w.org\/{rel}","templated":true}]}}