{"id":4242,"date":"2025-02-04T12:21:20","date_gmt":"2025-02-04T12:21:20","guid":{"rendered":"https:\/\/new.cortecag.ch\/produkte\/"},"modified":"2025-02-06T12:31:17","modified_gmt":"2025-02-06T12:31:17","slug":"produkte","status":"publish","type":"page","link":"https:\/\/new.cortecag.ch\/fr\/produkte\/","title":{"rendered":"Produits"},"content":{"rendered":"\n<style type=\"text\/css\" data-created_by=\"avia_inline_auto\" id=\"style-css-av-m6qgqrs8-881cc1ee9c889b426514c9b9568c2c58\">\n#top .av-special-heading.av-m6qgqrs8-881cc1ee9c889b426514c9b9568c2c58{\npadding-bottom:10px;\n}\nbody .av-special-heading.av-m6qgqrs8-881cc1ee9c889b426514c9b9568c2c58 .av-special-heading-tag .heading-char{\nfont-size:25px;\n}\n.av-special-heading.av-m6qgqrs8-881cc1ee9c889b426514c9b9568c2c58 .av-subheading{\nfont-size:15px;\n}\n<\/style>\n<div  class='av-special-heading av-m6qgqrs8-881cc1ee9c889b426514c9b9568c2c58 av-special-heading-h1 blockquote modern-quote  avia-builder-el-0  el_before_av_hr  avia-builder-el-first '><h1 class='av-special-heading-tag '  itemprop=\"headline\"  >Nos produits pour une gestion d\u2019entreprise efficace<\/h1><div class=\"special-heading-border\"><div class=\"special-heading-inner-border\"><\/div><\/div><\/div>\n<div  class='hr av-2ftq6l-9f4c9462b9dcf31804d517e863c9978f hr-default  avia-builder-el-1  el_after_av_heading  el_before_av_textblock '><span class='hr-inner '><span class=\"hr-inner-style\"><\/span><\/span><\/div>\n<section  class='av_textblock_section av-m6qgtdal-92d4bf94b5ea513e5ab1ec5d7971309d '   itemscope=\"itemscope\" itemtype=\"https:\/\/schema.org\/CreativeWork\" ><div class='avia_textblock'  itemprop=\"text\" ><p>Nous commen\u00e7ons l\u00e0 o\u00f9 les autres s&rsquo;arr\u00eatent. Nos modules vont au-del\u00e0 des fonctions classiques et offrent des solutions sur mesure pour les secteurs les plus divers. De l&rsquo;automatisation des processus r\u00e9currents \u00e0 l&rsquo;int\u00e9gration sans faille dans les syst\u00e8mes existants, nous permettons une gestion d&rsquo;entreprise efficace et p\u00e9renne. Avec Cortec ERP, vous ne vous contentez pas d&rsquo;optimiser les processus, mais vous exploitez de nouveaux potentiels de croissance et de r\u00e9ussite.<\/p>\n<\/div><\/section>\n<div  class='flex_column av-4h8osd-866bcc4d31a01d9d2333a022e150a5bc av_one_full  avia-builder-el-3  el_after_av_textblock  avia-builder-el-last  first flex_column_div  column-top-margin'     ><div  id=\"av-sc-portfolio-1\"  class=\"av-portfolio-grid-sorting-container\"><div class='sort_width_container  av-sort-yes' data-portfolio-id='1' ><div id='js_sort_items' ><div class='sort_by_cat '><a href=\"#\" data-filter=\"all_sort\" class=\"all_sort_button active_sort\"><span class=\"inner_sort_button\"><span>Tout<\/span><small class=\"av-cat-count\"> 16 <\/small><\/span><\/a><span class=\"text-sep paquet-de-demarrage_sort_sep\">\/<\/span><a href=\"#\" data-filter=\"paquet-de-demarrage_sort\" class=\"paquet-de-demarrage_sort_button\" ><span class=\"inner_sort_button\"><span>paquet de d\u00e9marrage<\/span><small class=\"av-cat-count\"> 3 <\/small><\/span><\/a><span class=\"text-sep solutions-sectorielles_sort_sep\">\/<\/span><a href=\"#\" data-filter=\"solutions-sectorielles_sort\" class=\"solutions-sectorielles_sort_button\" ><span class=\"inner_sort_button\"><span>Solutions sectorielles<\/span><small class=\"av-cat-count\"> 13 <\/small><\/span><\/a><\/div><\/div><\/div><div  class=' grid-sort-container isotope   no_margin-container with-no-container grid-total-even grid-col-4 grid-links-' data-portfolio-id='1'><div data-ajax-id='5070' class=' grid-entry flex_column isotope-item all_sort no_margin post-entry post-entry-5070 grid-entry-overview grid-loop-1 grid-parity-odd  solutions-sectorielles_sort  av_one_fourth first default_av_fullwidth '><article class='main_color inner-entry'  itemscope=\"itemscope\" itemtype=\"https:\/\/schema.org\/CreativeWork\" ><a href=\"https:\/\/new.cortecag.ch\/fr\/portfolio-item\/ferienwohnungen\/\" title=''  data-rel='grid-1' class='grid-image avia-hover-fx'> <img decoding=\"async\" fetchpriority=\"high\" width=\"495\" height=\"400\" src=\"https:\/\/new.cortecag.ch\/wp-content\/uploads\/2025\/02\/Branchenmodul_FeWo_FR-495x400.png\" class=\"wp-image-4514 avia-img-lazy-loading-not-4514 attachment-portfolio size-portfolio wp-post-image\" alt=\"Ferienwohnungen_FR\" srcset=\"https:\/\/new.cortecag.ch\/wp-content\/uploads\/2025\/02\/Branchenmodul_FeWo_FR-495x400.png 495w, https:\/\/new.cortecag.ch\/wp-content\/uploads\/2025\/02\/Branchenmodul_FeWo_FR-845x684.png 845w\" sizes=\"(max-width: 495px) 100vw, 495px\" \/><\/a><footer class=\"entry-footer\"><\/footer><\/article><\/div><div data-ajax-id='5041' class=' grid-entry flex_column isotope-item all_sort no_margin post-entry post-entry-5041 grid-entry-overview grid-loop-2 grid-parity-even  solutions-sectorielles_sort  av_one_fourth  default_av_fullwidth '><article class='main_color inner-entry'  itemscope=\"itemscope\" itemtype=\"https:\/\/schema.org\/CreativeWork\" ><a href=\"https:\/\/new.cortecag.ch\/fr\/portfolio-item\/onlineshop\/\" title=''  data-rel='grid-1' class='grid-image avia-hover-fx'> <img decoding=\"async\" fetchpriority=\"high\" width=\"495\" height=\"400\" src=\"https:\/\/new.cortecag.ch\/wp-content\/uploads\/2025\/02\/Onlineshop_FR-495x400.png\" class=\"wp-image-4849 avia-img-lazy-loading-not-4849 attachment-portfolio size-portfolio wp-post-image\" alt=\"Module_sectoriel_Shop enligne\" srcset=\"https:\/\/new.cortecag.ch\/wp-content\/uploads\/2025\/02\/Onlineshop_FR-495x400.png 495w, https:\/\/new.cortecag.ch\/wp-content\/uploads\/2025\/02\/Onlineshop_FR-845x684.png 845w\" sizes=\"(max-width: 495px) 100vw, 495px\" \/><\/a><footer class=\"entry-footer\"><\/footer><\/article><\/div><div data-ajax-id='5114' class=' grid-entry flex_column isotope-item all_sort no_margin post-entry post-entry-5114 grid-entry-overview grid-loop-3 grid-parity-odd  solutions-sectorielles_sort  av_one_fourth  default_av_fullwidth '><article class='main_color inner-entry'  itemscope=\"itemscope\" itemtype=\"https:\/\/schema.org\/CreativeWork\" ><a href=\"https:\/\/new.cortecag.ch\/fr\/portfolio-item\/weinkeller\/\" title=''  data-rel='grid-1' class='grid-image avia-hover-fx'> <img decoding=\"async\" fetchpriority=\"high\" width=\"495\" height=\"400\" src=\"https:\/\/new.cortecag.ch\/wp-content\/uploads\/2025\/02\/Branchenmodul_Vini_Viti_FR-495x400.png\" class=\"wp-image-4526 avia-img-lazy-loading-not-4526 attachment-portfolio size-portfolio wp-post-image\" alt=\"p\u00f6\" srcset=\"https:\/\/new.cortecag.ch\/wp-content\/uploads\/2025\/02\/Branchenmodul_Vini_Viti_FR-495x400.png 495w, https:\/\/new.cortecag.ch\/wp-content\/uploads\/2025\/02\/Branchenmodul_Vini_Viti_FR-845x684.png 845w\" sizes=\"(max-width: 495px) 100vw, 495px\" \/><\/a><footer class=\"entry-footer\"><\/footer><\/article><\/div><div data-ajax-id='5060' class=' grid-entry flex_column isotope-item all_sort no_margin post-entry post-entry-5060 grid-entry-overview grid-loop-4 grid-parity-even  solutions-sectorielles_sort  av_one_fourth  default_av_fullwidth '><article class='main_color inner-entry'  itemscope=\"itemscope\" itemtype=\"https:\/\/schema.org\/CreativeWork\" ><a href=\"https:\/\/new.cortecag.ch\/fr\/portfolio-item\/cinema\/\" title=''  data-rel='grid-1' class='grid-image avia-hover-fx'> <img decoding=\"async\" fetchpriority=\"high\" width=\"495\" height=\"400\" src=\"https:\/\/new.cortecag.ch\/wp-content\/uploads\/2025\/02\/Branchenmodul_Cinema_FR-495x400.png\" class=\"wp-image-4512 avia-img-lazy-loading-not-4512 attachment-portfolio size-portfolio wp-post-image\" alt=\"\" srcset=\"https:\/\/new.cortecag.ch\/wp-content\/uploads\/2025\/02\/Branchenmodul_Cinema_FR-495x400.png 495w, https:\/\/new.cortecag.ch\/wp-content\/uploads\/2025\/02\/Branchenmodul_Cinema_FR-845x684.png 845w\" sizes=\"(max-width: 495px) 100vw, 495px\" \/><\/a><footer class=\"entry-footer\"><\/footer><\/article><\/div><div data-ajax-id='4927' class=' grid-entry flex_column isotope-item all_sort no_margin post-entry post-entry-4927 grid-entry-overview grid-loop-5 grid-parity-odd  paquet-de-demarrage_sort  av_one_fourth first default_av_fullwidth '><article class='main_color inner-entry'  itemscope=\"itemscope\" itemtype=\"https:\/\/schema.org\/CreativeWork\" ><a href=\"https:\/\/new.cortecag.ch\/fr\/portfolio-item\/debitoren-und-kreditorenbuchhaltung\/\" title=''  data-rel='grid-1' class='grid-image avia-hover-fx'> <img decoding=\"async\" fetchpriority=\"high\" width=\"495\" height=\"400\" src=\"https:\/\/new.cortecag.ch\/wp-content\/uploads\/2025\/02\/Brachenmodul_DebitKredit_FR-495x400.png\" class=\"wp-image-4528 avia-img-lazy-loading-not-4528 attachment-portfolio size-portfolio wp-post-image\" alt=\"Debitoren &amp; Kreditoren_FR\" srcset=\"https:\/\/new.cortecag.ch\/wp-content\/uploads\/2025\/02\/Brachenmodul_DebitKredit_FR-495x400.png 495w, https:\/\/new.cortecag.ch\/wp-content\/uploads\/2025\/02\/Brachenmodul_DebitKredit_FR-845x684.png 845w\" sizes=\"(max-width: 495px) 100vw, 495px\" \/><\/a><footer class=\"entry-footer\"><\/footer><\/article><\/div><div data-ajax-id='4939' class=' grid-entry flex_column isotope-item all_sort no_margin post-entry post-entry-4939 grid-entry-overview grid-loop-6 grid-parity-even  paquet-de-demarrage_sort  av_one_fourth  default_av_fullwidth '><article class='main_color inner-entry'  itemscope=\"itemscope\" itemtype=\"https:\/\/schema.org\/CreativeWork\" ><a href=\"https:\/\/new.cortecag.ch\/fr\/portfolio-item\/personen\/\" title=''  data-rel='grid-1' class='grid-image avia-hover-fx'> <img decoding=\"async\" fetchpriority=\"high\" width=\"495\" height=\"400\" src=\"https:\/\/new.cortecag.ch\/wp-content\/uploads\/2025\/02\/Brachenmodul_CRM_FR-495x400.png\" class=\"wp-image-4530 avia-img-lazy-loading-not-4530 attachment-portfolio size-portfolio wp-post-image\" alt=\"CRM_FR\" srcset=\"https:\/\/new.cortecag.ch\/wp-content\/uploads\/2025\/02\/Brachenmodul_CRM_FR-495x400.png 495w, https:\/\/new.cortecag.ch\/wp-content\/uploads\/2025\/02\/Brachenmodul_CRM_FR-845x684.png 845w\" sizes=\"(max-width: 495px) 100vw, 495px\" \/><\/a><footer class=\"entry-footer\"><\/footer><\/article><\/div><div data-ajax-id='5022' class=' grid-entry flex_column isotope-item all_sort no_margin post-entry post-entry-5022 grid-entry-overview grid-loop-7 grid-parity-odd  solutions-sectorielles_sort  av_one_fourth  default_av_fullwidth '><article class='main_color inner-entry'  itemscope=\"itemscope\" itemtype=\"https:\/\/schema.org\/CreativeWork\" ><a href=\"https:\/\/new.cortecag.ch\/fr\/portfolio-item\/dispo\/\" title=''  data-rel='grid-1' class='grid-image avia-hover-fx'> <img decoding=\"async\" fetchpriority=\"high\" width=\"495\" height=\"400\" src=\"https:\/\/new.cortecag.ch\/wp-content\/uploads\/2025\/02\/Dispo-495x400.png\" class=\"wp-image-4626 avia-img-lazy-loading-not-4626 attachment-portfolio size-portfolio wp-post-image\" alt=\"Branchenmodul_Darlehensverwaltung\" srcset=\"https:\/\/new.cortecag.ch\/wp-content\/uploads\/2025\/02\/Dispo-495x400.png 495w, https:\/\/new.cortecag.ch\/wp-content\/uploads\/2025\/02\/Dispo-845x684.png 845w\" sizes=\"(max-width: 495px) 100vw, 495px\" \/><\/a><footer class=\"entry-footer\"><\/footer><\/article><\/div><div data-ajax-id='5125' class=' grid-entry flex_column isotope-item all_sort no_margin post-entry post-entry-5125 grid-entry-overview grid-loop-8 grid-parity-even  solutions-sectorielles_sort  av_one_fourth  default_av_fullwidth '><article class='main_color inner-entry'  itemscope=\"itemscope\" itemtype=\"https:\/\/schema.org\/CreativeWork\" ><a href=\"https:\/\/new.cortecag.ch\/fr\/portfolio-item\/kaesereien\/\" title=''  data-rel='grid-1' class='grid-image avia-hover-fx'> <img decoding=\"async\" fetchpriority=\"high\" width=\"495\" height=\"400\" src=\"https:\/\/new.cortecag.ch\/wp-content\/uploads\/2025\/02\/Lac-495x400.png\" class=\"wp-image-4634 avia-img-lazy-loading-not-4634 attachment-portfolio size-portfolio wp-post-image\" alt=\"Branchenmodul_Lac\" srcset=\"https:\/\/new.cortecag.ch\/wp-content\/uploads\/2025\/02\/Lac-495x400.png 495w, https:\/\/new.cortecag.ch\/wp-content\/uploads\/2025\/02\/Lac-845x684.png 845w\" sizes=\"(max-width: 495px) 100vw, 495px\" \/><\/a><footer class=\"entry-footer\"><\/footer><\/article><\/div><div data-ajax-id='5004' class=' grid-entry flex_column isotope-item all_sort no_margin post-entry post-entry-5004 grid-entry-overview grid-loop-9 grid-parity-odd  solutions-sectorielles_sort  av_one_fourth first default_av_fullwidth '><article class='main_color inner-entry'  itemscope=\"itemscope\" itemtype=\"https:\/\/schema.org\/CreativeWork\" ><a href=\"https:\/\/new.cortecag.ch\/fr\/portfolio-item\/autowerkstatt\/\" title=''  data-rel='grid-1' class='grid-image avia-hover-fx'> <img decoding=\"async\" fetchpriority=\"high\" width=\"495\" height=\"400\" src=\"https:\/\/new.cortecag.ch\/wp-content\/uploads\/2025\/02\/Car_FR-495x400.png\" class=\"wp-image-4863 avia-img-lazy-loading-not-4863 attachment-portfolio size-portfolio wp-post-image\" alt=\"Module_sectoriel_Car\" srcset=\"https:\/\/new.cortecag.ch\/wp-content\/uploads\/2025\/02\/Car_FR-495x400.png 495w, https:\/\/new.cortecag.ch\/wp-content\/uploads\/2025\/02\/Car_FR-845x684.png 845w\" sizes=\"(max-width: 495px) 100vw, 495px\" \/><\/a><footer class=\"entry-footer\"><\/footer><\/article><\/div><div data-ajax-id='4948' class=' grid-entry flex_column isotope-item all_sort no_margin post-entry post-entry-4948 grid-entry-overview grid-loop-10 grid-parity-even  paquet-de-demarrage_sort  av_one_fourth  default_av_fullwidth '><article class='main_color inner-entry'  itemscope=\"itemscope\" itemtype=\"https:\/\/schema.org\/CreativeWork\" ><a href=\"https:\/\/new.cortecag.ch\/fr\/portfolio-item\/auftragsverwaltung\/\" title=''  data-rel='grid-1' class='grid-image avia-hover-fx'> <img decoding=\"async\" fetchpriority=\"high\" width=\"495\" height=\"400\" src=\"https:\/\/new.cortecag.ch\/wp-content\/uploads\/2025\/02\/Branchenmodul_Auftragsverwaltung_FR-495x400.png\" class=\"wp-image-4532 avia-img-lazy-loading-not-4532 attachment-portfolio size-portfolio wp-post-image\" alt=\"Auftragsverwaltung_FR\" srcset=\"https:\/\/new.cortecag.ch\/wp-content\/uploads\/2025\/02\/Branchenmodul_Auftragsverwaltung_FR-495x400.png 495w, https:\/\/new.cortecag.ch\/wp-content\/uploads\/2025\/02\/Branchenmodul_Auftragsverwaltung_FR-845x684.png 845w\" sizes=\"(max-width: 495px) 100vw, 495px\" \/><\/a><footer class=\"entry-footer\"><\/footer><\/article><\/div><div data-ajax-id='5013' class=' grid-entry flex_column isotope-item all_sort no_margin post-entry post-entry-5013 grid-entry-overview grid-loop-11 grid-parity-odd  solutions-sectorielles_sort  av_one_fourth  default_av_fullwidth '><article class='main_color inner-entry'  itemscope=\"itemscope\" itemtype=\"https:\/\/schema.org\/CreativeWork\" ><a href=\"https:\/\/new.cortecag.ch\/fr\/portfolio-item\/facility-management\/\" title=''  data-rel='grid-1' class='grid-image avia-hover-fx'> <img decoding=\"async\" fetchpriority=\"high\" width=\"495\" height=\"400\" src=\"https:\/\/new.cortecag.ch\/wp-content\/uploads\/2025\/02\/Facility-Management_FR-495x400.png\" class=\"wp-image-4857 avia-img-lazy-loading-not-4857 attachment-portfolio size-portfolio wp-post-image\" alt=\"Module_sectoriel_Facility Management\" srcset=\"https:\/\/new.cortecag.ch\/wp-content\/uploads\/2025\/02\/Facility-Management_FR-495x400.png 495w, https:\/\/new.cortecag.ch\/wp-content\/uploads\/2025\/02\/Facility-Management_FR-845x684.png 845w\" sizes=\"(max-width: 495px) 100vw, 495px\" \/><\/a><footer class=\"entry-footer\"><\/footer><\/article><\/div><div data-ajax-id='5106' class=' grid-entry flex_column isotope-item all_sort no_margin post-entry post-entry-5106 grid-entry-overview grid-loop-12 grid-parity-even  solutions-sectorielles_sort  av_one_fourth  default_av_fullwidth '><article class='main_color inner-entry'  itemscope=\"itemscope\" itemtype=\"https:\/\/schema.org\/CreativeWork\" ><a href=\"https:\/\/new.cortecag.ch\/fr\/portfolio-item\/gym\/\" title=''  data-rel='grid-1' class='grid-image avia-hover-fx'> <img decoding=\"async\" fetchpriority=\"high\" width=\"495\" height=\"400\" src=\"https:\/\/new.cortecag.ch\/wp-content\/uploads\/2025\/02\/Branchenmodul_Gym_FR-495x400.png\" class=\"wp-image-4522 avia-img-lazy-loading-not-4522 attachment-portfolio size-portfolio wp-post-image\" alt=\"Gym_FR\" srcset=\"https:\/\/new.cortecag.ch\/wp-content\/uploads\/2025\/02\/Branchenmodul_Gym_FR-495x400.png 495w, https:\/\/new.cortecag.ch\/wp-content\/uploads\/2025\/02\/Branchenmodul_Gym_FR-845x684.png 845w\" sizes=\"(max-width: 495px) 100vw, 495px\" \/><\/a><footer class=\"entry-footer\"><\/footer><\/article><\/div><div data-ajax-id='5081' class=' grid-entry flex_column isotope-item all_sort no_margin post-entry post-entry-5081 grid-entry-overview grid-loop-13 grid-parity-odd  solutions-sectorielles_sort  av_one_fourth first default_av_fullwidth '><article class='main_color inner-entry'  itemscope=\"itemscope\" itemtype=\"https:\/\/schema.org\/CreativeWork\" ><a href=\"https:\/\/new.cortecag.ch\/fr\/portfolio-item\/hotel\/\" title=''  data-rel='grid-1' class='grid-image avia-hover-fx'> <img decoding=\"async\" fetchpriority=\"high\" width=\"495\" height=\"400\" src=\"https:\/\/new.cortecag.ch\/wp-content\/uploads\/2025\/02\/Hotel_FR-495x400.png\" class=\"wp-image-4855 avia-img-lazy-loading-not-4855 attachment-portfolio size-portfolio wp-post-image\" alt=\"Module_sectoriel_H\u00f4tel\" srcset=\"https:\/\/new.cortecag.ch\/wp-content\/uploads\/2025\/02\/Hotel_FR-495x400.png 495w, https:\/\/new.cortecag.ch\/wp-content\/uploads\/2025\/02\/Hotel_FR-845x684.png 845w\" sizes=\"(max-width: 495px) 100vw, 495px\" \/><\/a><footer class=\"entry-footer\"><\/footer><\/article><\/div><div data-ajax-id='5031' class=' grid-entry flex_column isotope-item all_sort no_margin post-entry post-entry-5031 grid-entry-overview grid-loop-14 grid-parity-even  solutions-sectorielles_sort  av_one_fourth  default_av_fullwidth '><article class='main_color inner-entry'  itemscope=\"itemscope\" itemtype=\"https:\/\/schema.org\/CreativeWork\" ><a href=\"https:\/\/new.cortecag.ch\/fr\/portfolio-item\/oekotreuhand\/\" title=''  data-rel='grid-1' class='grid-image avia-hover-fx'> <img decoding=\"async\" fetchpriority=\"high\" width=\"495\" height=\"400\" src=\"https:\/\/new.cortecag.ch\/wp-content\/uploads\/2025\/02\/Oekotreuhand_FR-495x400.png\" class=\"wp-image-4845 avia-img-lazy-loading-not-4845 attachment-portfolio size-portfolio wp-post-image\" alt=\"Branchenmodul_Comptabilit\u00e9 \u00e9cologique\" srcset=\"https:\/\/new.cortecag.ch\/wp-content\/uploads\/2025\/02\/Oekotreuhand_FR-495x400.png 495w, https:\/\/new.cortecag.ch\/wp-content\/uploads\/2025\/02\/Oekotreuhand_FR-845x684.png 845w\" sizes=\"(max-width: 495px) 100vw, 495px\" \/><\/a><footer class=\"entry-footer\"><\/footer><\/article><\/div><div data-ajax-id='5089' class=' grid-entry flex_column isotope-item all_sort no_margin post-entry post-entry-5089 grid-entry-overview grid-loop-15 grid-parity-odd  solutions-sectorielles_sort  av_one_fourth  default_av_fullwidth '><article class='main_color inner-entry'  itemscope=\"itemscope\" itemtype=\"https:\/\/schema.org\/CreativeWork\" ><a href=\"https:\/\/new.cortecag.ch\/fr\/portfolio-item\/sportplan\/\" title=''  data-rel='grid-1' class='grid-image avia-hover-fx'> <img decoding=\"async\" fetchpriority=\"high\" width=\"495\" height=\"400\" src=\"https:\/\/new.cortecag.ch\/wp-content\/uploads\/2025\/02\/Sportplan_FR-495x400.png\" class=\"wp-image-4847 avia-img-lazy-loading-not-4847 attachment-portfolio size-portfolio wp-post-image\" alt=\"Module_sectoriel_Gestion des cours sport\" srcset=\"https:\/\/new.cortecag.ch\/wp-content\/uploads\/2025\/02\/Sportplan_FR-495x400.png 495w, https:\/\/new.cortecag.ch\/wp-content\/uploads\/2025\/02\/Sportplan_FR-845x684.png 845w\" sizes=\"(max-width: 495px) 100vw, 495px\" \/><\/a><footer class=\"entry-footer\"><\/footer><\/article><\/div><div data-ajax-id='4661' class=' grid-entry flex_column isotope-item all_sort no_margin post-entry post-entry-4661 grid-entry-overview grid-loop-16 grid-parity-even  post-entry-last  solutions-sectorielles_sort  av_one_fourth  default_av_fullwidth '><article class='main_color inner-entry'  itemscope=\"itemscope\" itemtype=\"https:\/\/schema.org\/CreativeWork\" ><a href=\"https:\/\/new.cortecag.ch\/fr\/portfolio-item\/eventplanung\/\" title=''  data-rel='grid-1' class='grid-image avia-hover-fx'> <img decoding=\"async\" fetchpriority=\"high\" width=\"495\" height=\"400\" src=\"https:\/\/new.cortecag.ch\/wp-content\/uploads\/2025\/02\/Brachenmodul_Event_FR-495x400.png\" class=\"wp-image-4534 avia-img-lazy-loading-not-4534 attachment-portfolio size-portfolio wp-post-image\" alt=\"Planification d&#039;\u00e9v\u00e9nement\" srcset=\"https:\/\/new.cortecag.ch\/wp-content\/uploads\/2025\/02\/Brachenmodul_Event_FR-495x400.png 495w, https:\/\/new.cortecag.ch\/wp-content\/uploads\/2025\/02\/Brachenmodul_Event_FR-845x684.png 845w\" sizes=\"(max-width: 495px) 100vw, 495px\" \/><\/a><footer class=\"entry-footer\"><\/footer><\/article><\/div><\/div><\/div>   <!--   class=\"av-portfolio-grid-sorting-container\"  --><div class='pagination-wrap  '><nav class='pagination'><span class='pagination-meta'>Page 1 sur 2<\/span><span class='current'>1<\/span><a href='https:\/\/new.cortecag.ch\/fr\/wp-json\/wp\/v2\/pages\/4242\/?avia-element-paging=2' class='inactive next_page' >2<\/a><\/nav>\n<\/div><\/div>\n","protected":false},"excerpt":{"rendered":"","protected":false},"author":1,"featured_media":0,"parent":0,"menu_order":0,"comment_status":"closed","ping_status":"closed","template":"","meta":{"inline_featured_image":false,"footnotes":""},"class_list":["post-4242","page","type-page","status-publish","hentry"],"yoast_head":"<!-- This site is optimized with the Yoast SEO plugin v24.8 - https:\/\/yoast.com\/wordpress\/plugins\/seo\/ -->\n<title>Produits - Cortec AG<\/title>\n<meta name=\"robots\" content=\"index, follow, max-snippet:-1, max-image-preview:large, max-video-preview:-1\" \/>\n<link rel=\"canonical\" href=\"https:\/\/new.cortecag.ch\/fr\/produkte\/\" \/>\n<meta property=\"og:locale\" content=\"fr_FR\" \/>\n<meta property=\"og:type\" content=\"article\" \/>\n<meta property=\"og:title\" content=\"Produits - Cortec AG\" \/>\n<meta property=\"og:url\" content=\"https:\/\/new.cortecag.ch\/fr\/produkte\/\" \/>\n<meta property=\"og:site_name\" content=\"Cortec AG\" \/>\n<meta property=\"article:publisher\" content=\"https:\/\/www.facebook.com\/cortec.erp.business.software\/\" \/>\n<meta property=\"article:modified_time\" content=\"2025-02-06T12:31:17+00:00\" \/>\n<meta name=\"twitter:card\" content=\"summary_large_image\" \/>\n<meta name=\"twitter:label1\" content=\"Dur\u00e9e de lecture estim\u00e9e\" \/>\n\t<meta name=\"twitter:data1\" content=\"5 minutes\" \/>\n<script type=\"application\/ld+json\" class=\"yoast-schema-graph\">{\"@context\":\"https:\/\/schema.org\",\"@graph\":[{\"@type\":\"WebPage\",\"@id\":\"https:\/\/new.cortecag.ch\/fr\/produkte\/\",\"url\":\"https:\/\/new.cortecag.ch\/fr\/produkte\/\",\"name\":\"Produits - Cortec AG\",\"isPartOf\":{\"@id\":\"https:\/\/new.cortecag.ch\/#website\"},\"datePublished\":\"2025-02-04T12:21:20+00:00\",\"dateModified\":\"2025-02-06T12:31:17+00:00\",\"breadcrumb\":{\"@id\":\"https:\/\/new.cortecag.ch\/fr\/produkte\/#breadcrumb\"},\"inLanguage\":\"fr-FR\",\"potentialAction\":[{\"@type\":\"ReadAction\",\"target\":[\"https:\/\/new.cortecag.ch\/fr\/produkte\/\"]}]},{\"@type\":\"BreadcrumbList\",\"@id\":\"https:\/\/new.cortecag.ch\/fr\/produkte\/#breadcrumb\",\"itemListElement\":[{\"@type\":\"ListItem\",\"position\":1,\"name\":\"Startseite\",\"item\":\"https:\/\/new.cortecag.ch\/fr\/home2\/\"},{\"@type\":\"ListItem\",\"position\":2,\"name\":\"Produits\"}]},{\"@type\":\"WebSite\",\"@id\":\"https:\/\/new.cortecag.ch\/#website\",\"url\":\"https:\/\/new.cortecag.ch\/\",\"name\":\"CortecAG\",\"description\":\"Mastering Business Software\",\"potentialAction\":[{\"@type\":\"SearchAction\",\"target\":{\"@type\":\"EntryPoint\",\"urlTemplate\":\"https:\/\/new.cortecag.ch\/?s={search_term_string}\"},\"query-input\":{\"@type\":\"PropertyValueSpecification\",\"valueRequired\":true,\"valueName\":\"search_term_string\"}}],\"inLanguage\":\"fr-FR\"}]}<\/script>\n<!-- \/ Yoast SEO plugin. -->","yoast_head_json":{"title":"Produits - Cortec AG","robots":{"index":"index","follow":"follow","max-snippet":"max-snippet:-1","max-image-preview":"max-image-preview:large","max-video-preview":"max-video-preview:-1"},"canonical":"https:\/\/new.cortecag.ch\/fr\/produkte\/","og_locale":"fr_FR","og_type":"article","og_title":"Produits - Cortec AG","og_url":"https:\/\/new.cortecag.ch\/fr\/produkte\/","og_site_name":"Cortec AG","article_publisher":"https:\/\/www.facebook.com\/cortec.erp.business.software\/","article_modified_time":"2025-02-06T12:31:17+00:00","twitter_card":"summary_large_image","twitter_misc":{"Dur\u00e9e de lecture estim\u00e9e":"5 minutes"},"schema":{"@context":"https:\/\/schema.org","@graph":[{"@type":"WebPage","@id":"https:\/\/new.cortecag.ch\/fr\/produkte\/","url":"https:\/\/new.cortecag.ch\/fr\/produkte\/","name":"Produits - Cortec AG","isPartOf":{"@id":"https:\/\/new.cortecag.ch\/#website"},"datePublished":"2025-02-04T12:21:20+00:00","dateModified":"2025-02-06T12:31:17+00:00","breadcrumb":{"@id":"https:\/\/new.cortecag.ch\/fr\/produkte\/#breadcrumb"},"inLanguage":"fr-FR","potentialAction":[{"@type":"ReadAction","target":["https:\/\/new.cortecag.ch\/fr\/produkte\/"]}]},{"@type":"BreadcrumbList","@id":"https:\/\/new.cortecag.ch\/fr\/produkte\/#breadcrumb","itemListElement":[{"@type":"ListItem","position":1,"name":"Startseite","item":"https:\/\/new.cortecag.ch\/fr\/home2\/"},{"@type":"ListItem","position":2,"name":"Produits"}]},{"@type":"WebSite","@id":"https:\/\/new.cortecag.ch\/#website","url":"https:\/\/new.cortecag.ch\/","name":"CortecAG","description":"Mastering Business Software","potentialAction":[{"@type":"SearchAction","target":{"@type":"EntryPoint","urlTemplate":"https:\/\/new.cortecag.ch\/?s={search_term_string}"},"query-input":{"@type":"PropertyValueSpecification","valueRequired":true,"valueName":"search_term_string"}}],"inLanguage":"fr-FR"}]}},"_links":{"self":[{"href":"https:\/\/new.cortecag.ch\/fr\/wp-json\/wp\/v2\/pages\/4242","targetHints":{"allow":["GET"]}}],"collection":[{"href":"https:\/\/new.cortecag.ch\/fr\/wp-json\/wp\/v2\/pages"}],"about":[{"href":"https:\/\/new.cortecag.ch\/fr\/wp-json\/wp\/v2\/types\/page"}],"author":[{"embeddable":true,"href":"https:\/\/new.cortecag.ch\/fr\/wp-json\/wp\/v2\/users\/1"}],"replies":[{"embeddable":true,"href":"https:\/\/new.cortecag.ch\/fr\/wp-json\/wp\/v2\/comments?post=4242"}],"version-history":[{"count":2,"href":"https:\/\/new.cortecag.ch\/fr\/wp-json\/wp\/v2\/pages\/4242\/revisions"}],"predecessor-version":[{"id":4245,"href":"https:\/\/new.cortecag.ch\/fr\/wp-json\/wp\/v2\/pages\/4242\/revisions\/4245"}],"wp:attachment":[{"href":"https:\/\/new.cortecag.ch\/fr\/wp-json\/wp\/v2\/media?parent=4242"}],"curies":[{"name":"wp","href":"https:\/\/api.w.org\/{rel}","templated":true}]}}