{"id":4094,"date":"2025-02-05T14:11:01","date_gmt":"2025-02-05T14:11:01","guid":{"rendered":"https:\/\/new.cortecag.ch\/kontakt\/"},"modified":"2025-02-10T13:14:48","modified_gmt":"2025-02-10T13:14:48","slug":"kontakt","status":"publish","type":"page","link":"https:\/\/new.cortecag.ch\/fr\/kontakt\/","title":{"rendered":"Contact"},"content":{"rendered":"\n<style type=\"text\/css\" data-created_by=\"avia_inline_auto\" id=\"style-css-av-m6rzr7xh-7af300484dd99badf5deb98f042e1e7a\">\n.avia-section.av-m6rzr7xh-7af300484dd99badf5deb98f042e1e7a{\nbackground-repeat:no-repeat;\nbackground-image:url(https:\/\/new.cortecag.ch\/wp-content\/uploads\/2025\/02\/contact-us-concept-with-wood-block-and-symbols-2024-09-20-12-36-17-utc-300x200.jpg);\nbackground-position:50% 50%;\nbackground-attachment:scroll;\n}\n.avia-section.av-m6rzr7xh-7af300484dd99badf5deb98f042e1e7a .av-section-color-overlay{\nopacity:0.7;\nbackground-color:#000000;\n}\n<\/style>\n<div id='av_section_1'  class='avia-section av-m6rzr7xh-7af300484dd99badf5deb98f042e1e7a main_color avia-section-huge avia-no-border-styling  avia-builder-el-0  el_before_av_one_full  avia-builder-el-first  avia-full-stretch avia-bg-style-scroll av-section-color-overlay-active av-minimum-height av-minimum-height-25 av-height-25  container_wrap sidebar_right'  data-section-bg-repeat='stretch' data-av_minimum_height_pc='25' data-av_min_height_opt='25'><div class=\"av-section-color-overlay-wrap\"><div class=\"av-section-color-overlay\"><\/div><div class='container av-section-cont-open' ><main  role=\"main\" itemprop=\"mainContentOfPage\"  class='template-page content  av-content-small alpha units'><div class='post-entry post-entry-type-page post-entry-4094'><div class='entry-content-wrapper clearfix'>\n\n<style type=\"text\/css\" data-created_by=\"avia_inline_auto\" id=\"style-css-av-m6rzsip9-6fcf874a34984519016726c723ff068e\">\n#top .av-special-heading.av-m6rzsip9-6fcf874a34984519016726c723ff068e{\npadding-bottom:10px;\ncolor:#ffffff;\nfont-size:40px;\n}\nbody .av-special-heading.av-m6rzsip9-6fcf874a34984519016726c723ff068e .av-special-heading-tag .heading-char{\nfont-size:25px;\n}\n#top #wrap_all .av-special-heading.av-m6rzsip9-6fcf874a34984519016726c723ff068e .av-special-heading-tag{\nfont-size:40px;\n}\n.av-special-heading.av-m6rzsip9-6fcf874a34984519016726c723ff068e .special-heading-inner-border{\nborder-color:#ffffff;\n}\n.av-special-heading.av-m6rzsip9-6fcf874a34984519016726c723ff068e .av-subheading{\nfont-size:12px;\n}\n\n@media only screen and (min-width: 480px) and (max-width: 767px){ \n#top #wrap_all .av-special-heading.av-m6rzsip9-6fcf874a34984519016726c723ff068e .av-special-heading-tag{\nfont-size:0.8em;\n}\n}\n\n@media only screen and (max-width: 479px){ \n#top #wrap_all .av-special-heading.av-m6rzsip9-6fcf874a34984519016726c723ff068e .av-special-heading-tag{\nfont-size:0.8em;\n}\n}\n<\/style>\n<div  class='av-special-heading av-m6rzsip9-6fcf874a34984519016726c723ff068e av-special-heading-h1 custom-color-heading blockquote modern-quote modern-centered  avia-builder-el-1  avia-builder-el-no-sibling  av-inherit-size'><h1 class='av-special-heading-tag '  itemprop=\"headline\"  >Contactez-nous<\/h1><div class=\"special-heading-border\"><div class=\"special-heading-inner-border\"><\/div><\/div><\/div>\n<\/div><\/div><\/main><!-- close content main element --><\/div><\/div><\/div><div id='after_section_1'  class='main_color av_default_container_wrap container_wrap sidebar_right'  ><div class='container av-section-cont-open' ><div class='template-page content  av-content-small alpha units'><div class='post-entry post-entry-type-page post-entry-4094'><div class='entry-content-wrapper clearfix'>\n\n<style type=\"text\/css\" data-created_by=\"avia_inline_auto\" id=\"style-css-av-4su03g-f63887ad07d67e22c789abf4695eea84\">\n.flex_column.av-4su03g-f63887ad07d67e22c789abf4695eea84{\nborder-radius:0px 0px 0px 0px;\npadding:0px 0px 0px 0px;\n}\n<\/style>\n<div  class='flex_column av-4su03g-f63887ad07d67e22c789abf4695eea84 av_one_full  avia-builder-el-2  el_after_av_section  el_before_av_one_half  avia-builder-el-first  first flex_column_div av-zero-column-padding  '     ><p><section  class='av_textblock_section av-m6s0b5es-908adc9347b7c34c2dcabc57315d1bc6 '   itemscope=\"itemscope\" itemtype=\"https:\/\/schema.org\/CreativeWork\" ><div class='avia_textblock'  itemprop=\"text\" ><p>D\u00e9couvrez les possibilit\u00e9s de notre logiciel et exp\u00e9rimentez ses fonctions lors d&rsquo;une d\u00e9mo sans engagement. Il vous suffit de remplir le formulaire ci-dessous pour prendre rendez-vous ou nous laisser un message. Nous attendons votre demande avec impatience !<\/p>\n<\/div><\/section><br \/>\n\n<style type=\"text\/css\" data-created_by=\"avia_inline_auto\" id=\"style-css-av-835ak-c76bb4e9bbf6a47f874c1147cd8c5fcd\">\n#top .hr.av-835ak-c76bb4e9bbf6a47f874c1147cd8c5fcd{\nmargin-top:15px;\nmargin-bottom:5px;\n}\n.hr.av-835ak-c76bb4e9bbf6a47f874c1147cd8c5fcd .hr-inner{\nwidth:100%;\n}\n<\/style>\n<div  class='hr av-835ak-c76bb4e9bbf6a47f874c1147cd8c5fcd hr-custom  avia-builder-el-4  el_after_av_textblock  avia-builder-el-last  hr-center hr-icon-no'><span class='hr-inner inner-border-av-border-thin'><span class=\"hr-inner-style\"><\/span><\/span><\/div><\/p><\/div>\n<div  class='flex_column av-30tolpo-5b88218f05846a74c8e7828947713ffb av_one_half  avia-builder-el-5  el_after_av_one_full  el_before_av_one_half  first flex_column_div  column-top-margin'     ><form action=\"https:\/\/new.cortecag.ch\/fr\/kontakt\/\" method=\"post\" data-fields-with-error=\"Erreurs trouv\u00e9es dans les champs suivants :\" class=\"avia_ajax_form av-form-labels-visible   avia-builder-el-6  avia-builder-el-no-sibling   \" data-avia-form-id=\"1\" data-avia-redirect=''  aria-label='Kontaktformular' ><h3 class=''>Envoyez-nous un e-mail<\/h3><fieldset><p class='  first_form  form_element form_fullwidth' id='element_avia_1_1'><label for=\"avia_1_1\">Nom &amp; Pr\u00e9nom<\/label> <input name=\"avia_1_1\" class=\"text_input \" type=\"text\" id=\"avia_1_1\" value=\"\" \/><\/p><p class='  first_form  form_element form_fullwidth' id='element_avia_2_1'><label for=\"avia_2_1\">Soci\u00e9t\u00e9 <abbr class=\"required\" title=\"requis(e)\">*<\/abbr><\/label> <input name=\"avia_2_1\" class=\"text_input is_empty\" type=\"text\" id=\"avia_2_1\" value=\"\" \/><\/p><p class='  first_form  form_element form_fullwidth' id='element_avia_3_1'><label for=\"avia_3_1\">T\u00e9l\u00e9phone<\/label> <input name=\"avia_3_1\" class=\"text_input \" type=\"text\" id=\"avia_3_1\" value=\"\" \/><\/p><p class='  first_form  form_element form_fullwidth' id='element_avia_4_1'><label for=\"avia_4_1\">E-mail <abbr class=\"required\" title=\"requis(e)\">*<\/abbr><\/label> <input name=\"avia_4_1\" class=\"text_input is_email\" type=\"text\" id=\"avia_4_1\" value=\"\" \/><\/p><p class='  first_form  form_element form_fullwidth av-last-visible-form-element' id='element_avia_5_1'><label for=\"avia_5_1\" class=\"textare_label hidden textare_label_avia_5_1\">Message <abbr class=\"required\" title=\"requis(e)\">*<\/abbr><\/label><textarea  name=\"avia_5_1\" class=\"text_area is_empty\" cols=\"40\" rows=\"7\" id=\"avia_5_1\" ><\/textarea><\/p><p class=\"hidden\"><input type=\"text\" name=\"avia_6_1\" class=\"hidden \" id=\"avia_6_1\" value=\"\" \/><\/p><p class=\"form_element \"><input type=\"hidden\" value=\"1\" name=\"avia_generated_form1\" \/><input type=\"submit\" value=\"Envoyer\" class=\"button\"  data-sending-label=\"Envoi\"\/><\/p><\/fieldset><\/form><div id=\"ajaxresponse_1\" class=\"ajaxresponse ajaxresponse_1 hidden\"><\/div><\/div>\n<div  class='flex_column av-2qge14s-0c43ffad9c14600c3fd1199afc5ff2ec av_one_half  avia-builder-el-7  el_after_av_one_half  avia-builder-el-last  flex_column_div  column-top-margin'     ><br \/>\n<div  class='av_gmaps_sc_main_wrap av_gmaps_main_wrap '><div id='av_gmap_0' class='avia-google-map-container avia-google-map-sc av_gmaps_show_unconditionally av-no-fallback-img ' data-mapid='av_gmap_0'  style='height: 400px;'><a class=\"av_gmaps_browser_disabled av_text_confirm_link av_text_confirm_link_visible\" href=\"https:\/\/www.google.com\/maps\/search\/?api=1&#038;query=22,%20rue%20de%20la%20Lune%203930%20Vi\u00e8ge%20Wallis%20Suisse\" target=\"_blank\">Les cartes ont \u00e9t\u00e9 d\u00e9sactiv\u00e9es par le visiteur sur ce site. Cliquer pour ouvrir la carte dans une nouvelle fen\u00eatre.<\/a><\/div><\/div><\/p><\/div>\n","protected":false},"excerpt":{"rendered":"","protected":false},"author":1,"featured_media":0,"parent":0,"menu_order":0,"comment_status":"closed","ping_status":"closed","template":"","meta":{"inline_featured_image":false,"footnotes":""},"class_list":["post-4094","page","type-page","status-publish","hentry"],"yoast_head":"<!-- This site is optimized with the Yoast SEO plugin v24.8 - https:\/\/yoast.com\/wordpress\/plugins\/seo\/ -->\n<title>Contact - Cortec AG<\/title>\n<meta name=\"robots\" content=\"index, follow, max-snippet:-1, max-image-preview:large, max-video-preview:-1\" \/>\n<link rel=\"canonical\" href=\"https:\/\/new.cortecag.ch\/fr\/kontakt\/\" \/>\n<meta property=\"og:locale\" content=\"fr_FR\" \/>\n<meta property=\"og:type\" content=\"article\" \/>\n<meta property=\"og:title\" content=\"Contact - Cortec AG\" \/>\n<meta property=\"og:url\" content=\"https:\/\/new.cortecag.ch\/fr\/kontakt\/\" \/>\n<meta property=\"og:site_name\" content=\"Cortec AG\" \/>\n<meta property=\"article:publisher\" content=\"https:\/\/www.facebook.com\/cortec.erp.business.software\/\" \/>\n<meta property=\"article:modified_time\" content=\"2025-02-10T13:14:48+00:00\" \/>\n<meta name=\"twitter:card\" content=\"summary_large_image\" \/>\n<meta name=\"twitter:label1\" content=\"Dur\u00e9e de lecture estim\u00e9e\" \/>\n\t<meta name=\"twitter:data1\" content=\"11 minutes\" \/>\n<script type=\"application\/ld+json\" class=\"yoast-schema-graph\">{\"@context\":\"https:\/\/schema.org\",\"@graph\":[{\"@type\":\"WebPage\",\"@id\":\"https:\/\/new.cortecag.ch\/fr\/kontakt\/\",\"url\":\"https:\/\/new.cortecag.ch\/fr\/kontakt\/\",\"name\":\"Contact - Cortec AG\",\"isPartOf\":{\"@id\":\"https:\/\/new.cortecag.ch\/#website\"},\"datePublished\":\"2025-02-05T14:11:01+00:00\",\"dateModified\":\"2025-02-10T13:14:48+00:00\",\"breadcrumb\":{\"@id\":\"https:\/\/new.cortecag.ch\/fr\/kontakt\/#breadcrumb\"},\"inLanguage\":\"fr-FR\",\"potentialAction\":[{\"@type\":\"ReadAction\",\"target\":[\"https:\/\/new.cortecag.ch\/fr\/kontakt\/\"]}]},{\"@type\":\"BreadcrumbList\",\"@id\":\"https:\/\/new.cortecag.ch\/fr\/kontakt\/#breadcrumb\",\"itemListElement\":[{\"@type\":\"ListItem\",\"position\":1,\"name\":\"Startseite\",\"item\":\"https:\/\/new.cortecag.ch\/fr\/home2\/\"},{\"@type\":\"ListItem\",\"position\":2,\"name\":\"Contact\"}]},{\"@type\":\"WebSite\",\"@id\":\"https:\/\/new.cortecag.ch\/#website\",\"url\":\"https:\/\/new.cortecag.ch\/\",\"name\":\"CortecAG\",\"description\":\"Mastering Business Software\",\"potentialAction\":[{\"@type\":\"SearchAction\",\"target\":{\"@type\":\"EntryPoint\",\"urlTemplate\":\"https:\/\/new.cortecag.ch\/?s={search_term_string}\"},\"query-input\":{\"@type\":\"PropertyValueSpecification\",\"valueRequired\":true,\"valueName\":\"search_term_string\"}}],\"inLanguage\":\"fr-FR\"}]}<\/script>\n<!-- \/ Yoast SEO plugin. -->","yoast_head_json":{"title":"Contact - Cortec AG","robots":{"index":"index","follow":"follow","max-snippet":"max-snippet:-1","max-image-preview":"max-image-preview:large","max-video-preview":"max-video-preview:-1"},"canonical":"https:\/\/new.cortecag.ch\/fr\/kontakt\/","og_locale":"fr_FR","og_type":"article","og_title":"Contact - Cortec AG","og_url":"https:\/\/new.cortecag.ch\/fr\/kontakt\/","og_site_name":"Cortec AG","article_publisher":"https:\/\/www.facebook.com\/cortec.erp.business.software\/","article_modified_time":"2025-02-10T13:14:48+00:00","twitter_card":"summary_large_image","twitter_misc":{"Dur\u00e9e de lecture estim\u00e9e":"11 minutes"},"schema":{"@context":"https:\/\/schema.org","@graph":[{"@type":"WebPage","@id":"https:\/\/new.cortecag.ch\/fr\/kontakt\/","url":"https:\/\/new.cortecag.ch\/fr\/kontakt\/","name":"Contact - Cortec AG","isPartOf":{"@id":"https:\/\/new.cortecag.ch\/#website"},"datePublished":"2025-02-05T14:11:01+00:00","dateModified":"2025-02-10T13:14:48+00:00","breadcrumb":{"@id":"https:\/\/new.cortecag.ch\/fr\/kontakt\/#breadcrumb"},"inLanguage":"fr-FR","potentialAction":[{"@type":"ReadAction","target":["https:\/\/new.cortecag.ch\/fr\/kontakt\/"]}]},{"@type":"BreadcrumbList","@id":"https:\/\/new.cortecag.ch\/fr\/kontakt\/#breadcrumb","itemListElement":[{"@type":"ListItem","position":1,"name":"Startseite","item":"https:\/\/new.cortecag.ch\/fr\/home2\/"},{"@type":"ListItem","position":2,"name":"Contact"}]},{"@type":"WebSite","@id":"https:\/\/new.cortecag.ch\/#website","url":"https:\/\/new.cortecag.ch\/","name":"CortecAG","description":"Mastering Business Software","potentialAction":[{"@type":"SearchAction","target":{"@type":"EntryPoint","urlTemplate":"https:\/\/new.cortecag.ch\/?s={search_term_string}"},"query-input":{"@type":"PropertyValueSpecification","valueRequired":true,"valueName":"search_term_string"}}],"inLanguage":"fr-FR"}]}},"_links":{"self":[{"href":"https:\/\/new.cortecag.ch\/fr\/wp-json\/wp\/v2\/pages\/4094","targetHints":{"allow":["GET"]}}],"collection":[{"href":"https:\/\/new.cortecag.ch\/fr\/wp-json\/wp\/v2\/pages"}],"about":[{"href":"https:\/\/new.cortecag.ch\/fr\/wp-json\/wp\/v2\/types\/page"}],"author":[{"embeddable":true,"href":"https:\/\/new.cortecag.ch\/fr\/wp-json\/wp\/v2\/users\/1"}],"replies":[{"embeddable":true,"href":"https:\/\/new.cortecag.ch\/fr\/wp-json\/wp\/v2\/comments?post=4094"}],"version-history":[{"count":11,"href":"https:\/\/new.cortecag.ch\/fr\/wp-json\/wp\/v2\/pages\/4094\/revisions"}],"predecessor-version":[{"id":4540,"href":"https:\/\/new.cortecag.ch\/fr\/wp-json\/wp\/v2\/pages\/4094\/revisions\/4540"}],"wp:attachment":[{"href":"https:\/\/new.cortecag.ch\/fr\/wp-json\/wp\/v2\/media?parent=4094"}],"curies":[{"name":"wp","href":"https:\/\/api.w.org\/{rel}","templated":true}]}}